{"id":3383,"date":"2023-10-20T16:35:22","date_gmt":"2023-10-20T14:35:22","guid":{"rendered":"https:\/\/www.naloub.fr\/?post_type=product&#038;p=3383"},"modified":"2024-06-03T15:45:27","modified_gmt":"2024-06-03T13:45:27","slug":"nlb-23-004","status":"publish","type":"product","link":"https:\/\/www.naloub.fr\/index.php\/produit\/nlb-23-004\/","title":{"rendered":"NLB-23-004"},"content":{"rendered":"","protected":false},"excerpt":{"rendered":"<p>Bracelet avec bijoux en p\u00e2te polym\u00e8re artisanale r\u00e9alis\u00e9e en France.<br \/>\nCes produits \u00e9tant r\u00e9alis\u00e9s \u00e0 la main, m\u00eame si des mod\u00e8les se ressembles il existe des diff\u00e9rences de mati\u00e8res ou de formes. C\u2019est ce qui fait le charme de l\u2019artisanat!<\/p>\n","protected":false},"featured_media":3384,"template":"","meta":{"jetpack_publicize_message":"","jetpack_publicize_feature_enabled":true,"jetpack_social_post_already_shared":false,"jetpack_social_options":{"image_generator_settings":{"template":"highway","default_image_id":0,"font":"","enabled":false},"version":2}},"product_brand":[],"product_cat":[92],"product_tag":[],"class_list":{"0":"post-3383","1":"product","2":"type-product","3":"status-publish","4":"has-post-thumbnail","6":"product_cat-bracelets","8":"first","9":"outofstock","10":"taxable","11":"shipping-taxable","12":"purchasable","13":"product-type-simple"},"jetpack_publicize_connections":[],"jetpack_sharing_enabled":true,"_links":{"self":[{"href":"https:\/\/www.naloub.fr\/index.php\/wp-json\/wp\/v2\/product\/3383","targetHints":{"allow":["GET"]}}],"collection":[{"href":"https:\/\/www.naloub.fr\/index.php\/wp-json\/wp\/v2\/product"}],"about":[{"href":"https:\/\/www.naloub.fr\/index.php\/wp-json\/wp\/v2\/types\/product"}],"wp:featuredmedia":[{"embeddable":true,"href":"https:\/\/www.naloub.fr\/index.php\/wp-json\/wp\/v2\/media\/3384"}],"wp:attachment":[{"href":"https:\/\/www.naloub.fr\/index.php\/wp-json\/wp\/v2\/media?parent=3383"}],"wp:term":[{"taxonomy":"product_brand","embeddable":true,"href":"https:\/\/www.naloub.fr\/index.php\/wp-json\/wp\/v2\/product_brand?post=3383"},{"taxonomy":"product_cat","embeddable":true,"href":"https:\/\/www.naloub.fr\/index.php\/wp-json\/wp\/v2\/product_cat?post=3383"},{"taxonomy":"product_tag","embeddable":true,"href":"https:\/\/www.naloub.fr\/index.php\/wp-json\/wp\/v2\/product_tag?post=3383"}],"curies":[{"name":"wp","href":"https:\/\/api.w.org\/{rel}","templated":true}]}}