{"id":3548,"date":"2023-10-20T18:36:15","date_gmt":"2023-10-20T16:36:15","guid":{"rendered":"https:\/\/www.naloub.fr\/?post_type=product&#038;p=3548"},"modified":"2024-06-05T17:52:08","modified_gmt":"2024-06-05T15:52:08","slug":"nlb-23-075","status":"publish","type":"product","link":"https:\/\/www.naloub.fr\/index.php\/produit\/nlb-23-075\/","title":{"rendered":"NLB-23-075"},"content":{"rendered":"","protected":false},"excerpt":{"rendered":"<p>Boucle d\u2019oreilles en p\u00e2te polym\u00e8re artisanale r\u00e9alis\u00e9e en France.<br \/>\nCes produits \u00e9tant r\u00e9alis\u00e9s \u00e0 la main, m\u00eame si des mod\u00e8les se ressembles il existe des diff\u00e9rences de mati\u00e8res ou de formes. C\u2019est ce qui fait le charme de l\u2019artisanat!<\/p>\n","protected":false},"featured_media":3550,"template":"","meta":{"jetpack_publicize_message":"","jetpack_publicize_feature_enabled":true,"jetpack_social_post_already_shared":false,"jetpack_social_options":{"image_generator_settings":{"template":"highway","default_image_id":0,"font":"","enabled":false},"version":2}},"product_brand":[],"product_cat":[90,115],"product_tag":[],"class_list":{"0":"post-3548","1":"product","2":"type-product","3":"status-publish","4":"has-post-thumbnail","6":"product_cat-boucles-oreilles-puces","7":"product_cat-pink-and-gold","9":"first","10":"instock","11":"taxable","12":"shipping-taxable","13":"purchasable","14":"product-type-simple"},"jetpack_publicize_connections":[],"jetpack_sharing_enabled":true,"_links":{"self":[{"href":"https:\/\/www.naloub.fr\/index.php\/wp-json\/wp\/v2\/product\/3548","targetHints":{"allow":["GET"]}}],"collection":[{"href":"https:\/\/www.naloub.fr\/index.php\/wp-json\/wp\/v2\/product"}],"about":[{"href":"https:\/\/www.naloub.fr\/index.php\/wp-json\/wp\/v2\/types\/product"}],"wp:featuredmedia":[{"embeddable":true,"href":"https:\/\/www.naloub.fr\/index.php\/wp-json\/wp\/v2\/media\/3550"}],"wp:attachment":[{"href":"https:\/\/www.naloub.fr\/index.php\/wp-json\/wp\/v2\/media?parent=3548"}],"wp:term":[{"taxonomy":"product_brand","embeddable":true,"href":"https:\/\/www.naloub.fr\/index.php\/wp-json\/wp\/v2\/product_brand?post=3548"},{"taxonomy":"product_cat","embeddable":true,"href":"https:\/\/www.naloub.fr\/index.php\/wp-json\/wp\/v2\/product_cat?post=3548"},{"taxonomy":"product_tag","embeddable":true,"href":"https:\/\/www.naloub.fr\/index.php\/wp-json\/wp\/v2\/product_tag?post=3548"}],"curies":[{"name":"wp","href":"https:\/\/api.w.org\/{rel}","templated":true}]}}