{"id":3588,"date":"2023-10-22T14:30:29","date_gmt":"2023-10-22T12:30:29","guid":{"rendered":"https:\/\/www.naloub.fr\/?post_type=product&#038;p=3588"},"modified":"2024-06-02T13:30:24","modified_gmt":"2024-06-02T11:30:24","slug":"nlb-23-090","status":"publish","type":"product","link":"https:\/\/www.naloub.fr\/index.php\/produit\/nlb-23-090\/","title":{"rendered":"NLB-23-090"},"content":{"rendered":"","protected":false},"excerpt":{"rendered":"<p>Tous les bijoux de la marque sont pr\u00e9sent\u00e9s sur un support et\u00a0 emball\u00e9s dans un pochon en coton.<\/p>\n<p>Nous vous proposons cet emballage cadeau suppl\u00e9mentaire pour offrir nos bijoux. Cet emballage prend la forme d&rsquo;une jolie boite berlingo imprim\u00e9e qui vous sera envoy\u00e9e \u00e0 plat.<\/p>\n<p>Attention, cette boite ne peut contenir qu&rsquo;un seul bijoux accompagn\u00e9 de son pochon. Faites attention \u00e0 commander autant de boites que de bijoux que vous souhaitez offrir.<\/p>\n","protected":false},"featured_media":3589,"template":"","meta":{"jetpack_publicize_message":"","jetpack_publicize_feature_enabled":true,"jetpack_social_post_already_shared":false,"jetpack_social_options":{"image_generator_settings":{"template":"highway","default_image_id":0,"font":"","enabled":false},"version":2}},"product_brand":[],"product_cat":[95],"product_tag":[],"class_list":{"0":"post-3588","1":"product","2":"type-product","3":"status-publish","4":"has-post-thumbnail","6":"product_cat-emballage-cadeau","8":"first","9":"instock","10":"taxable","11":"shipping-taxable","12":"purchasable","13":"product-type-simple"},"jetpack_publicize_connections":[],"jetpack_sharing_enabled":true,"_links":{"self":[{"href":"https:\/\/www.naloub.fr\/index.php\/wp-json\/wp\/v2\/product\/3588","targetHints":{"allow":["GET"]}}],"collection":[{"href":"https:\/\/www.naloub.fr\/index.php\/wp-json\/wp\/v2\/product"}],"about":[{"href":"https:\/\/www.naloub.fr\/index.php\/wp-json\/wp\/v2\/types\/product"}],"wp:featuredmedia":[{"embeddable":true,"href":"https:\/\/www.naloub.fr\/index.php\/wp-json\/wp\/v2\/media\/3589"}],"wp:attachment":[{"href":"https:\/\/www.naloub.fr\/index.php\/wp-json\/wp\/v2\/media?parent=3588"}],"wp:term":[{"taxonomy":"product_brand","embeddable":true,"href":"https:\/\/www.naloub.fr\/index.php\/wp-json\/wp\/v2\/product_brand?post=3588"},{"taxonomy":"product_cat","embeddable":true,"href":"https:\/\/www.naloub.fr\/index.php\/wp-json\/wp\/v2\/product_cat?post=3588"},{"taxonomy":"product_tag","embeddable":true,"href":"https:\/\/www.naloub.fr\/index.php\/wp-json\/wp\/v2\/product_tag?post=3588"}],"curies":[{"name":"wp","href":"https:\/\/api.w.org\/{rel}","templated":true}]}}