{"id":3812,"date":"2023-10-30T09:48:10","date_gmt":"2023-10-30T08:48:10","guid":{"rendered":"https:\/\/www.naloub.fr\/?post_type=product&#038;p=3812"},"modified":"2024-01-16T15:01:00","modified_gmt":"2024-01-16T14:01:00","slug":"carte-cadeaux","status":"publish","type":"product","link":"https:\/\/www.naloub.fr\/index.php\/produit\/carte-cadeaux\/","title":{"rendered":"Carte cadeaux"},"content":{"rendered":"","protected":false},"excerpt":{"rendered":"<p>Vous ne savez pas quoi choisir ou vous pr\u00e9f\u00e9rez laisser cette possibilit\u00e9 \u00e0 la personne de votre choix?<br \/>\nAucuns soucis avec la carte cadeau Naloub, celle ci existe selon diff\u00e9rentes sommes \u00e0 choisir et prend la forme d&rsquo;un document pdf \u00e0 imprimer et personnaliser comprenant le montant offert, la personne destinataire de la carte cadeau, ainsi que le code lui permettant d&rsquo;en profiter et la date de validit\u00e9 de ce dernier (6 mois).<\/p>\n<p>Pour un bon fonctionnement:<br \/>\n&#8211; choisissez \u00a0le montant de votre choix, puis ajoutez le produit \u00e0 votre panier,<br \/>\n&#8211; merci de renseigner les noms et pr\u00e9noms du destinataire dans la partie \u00ab\u00a0Note de commande\u00a0\u00bb qui se trouve tout en bas de la page de confirmation de commande.<\/p>\n<p>Votre carte cadeau personnalis\u00e9e vous sera envoy\u00e9e par Email sous 48 heures. Elle est valable 6 mois \u00e0 compter de la date d&rsquo;achat et utilisable en une seule fois sur l&rsquo;ensemble de la boutique en ligne.<\/p>\n<p>Si vous souhaitez offrir un montant plus important que les paliers propos\u00e9s, nous vous conseillons de cumuler plusieurs cartes cadeaux dans la m\u00eame commande.<\/p>\n","protected":false},"featured_media":3811,"template":"","meta":{"jetpack_publicize_message":"","jetpack_publicize_feature_enabled":true,"jetpack_social_post_already_shared":false,"jetpack_social_options":{"image_generator_settings":{"template":"highway","default_image_id":0,"font":"","enabled":false},"version":2}},"product_brand":[],"product_cat":[15],"product_tag":[],"class_list":{"0":"post-3812","1":"product","2":"type-product","3":"status-publish","4":"has-post-thumbnail","6":"product_cat-carte-cadeaux","8":"first","9":"instock","10":"taxable","11":"shipping-taxable","12":"purchasable","13":"product-type-variable"},"jetpack_publicize_connections":[],"jetpack_sharing_enabled":true,"_links":{"self":[{"href":"https:\/\/www.naloub.fr\/index.php\/wp-json\/wp\/v2\/product\/3812","targetHints":{"allow":["GET"]}}],"collection":[{"href":"https:\/\/www.naloub.fr\/index.php\/wp-json\/wp\/v2\/product"}],"about":[{"href":"https:\/\/www.naloub.fr\/index.php\/wp-json\/wp\/v2\/types\/product"}],"wp:featuredmedia":[{"embeddable":true,"href":"https:\/\/www.naloub.fr\/index.php\/wp-json\/wp\/v2\/media\/3811"}],"wp:attachment":[{"href":"https:\/\/www.naloub.fr\/index.php\/wp-json\/wp\/v2\/media?parent=3812"}],"wp:term":[{"taxonomy":"product_brand","embeddable":true,"href":"https:\/\/www.naloub.fr\/index.php\/wp-json\/wp\/v2\/product_brand?post=3812"},{"taxonomy":"product_cat","embeddable":true,"href":"https:\/\/www.naloub.fr\/index.php\/wp-json\/wp\/v2\/product_cat?post=3812"},{"taxonomy":"product_tag","embeddable":true,"href":"https:\/\/www.naloub.fr\/index.php\/wp-json\/wp\/v2\/product_tag?post=3812"}],"curies":[{"name":"wp","href":"https:\/\/api.w.org\/{rel}","templated":true}]}}