{"id":3948,"date":"2023-11-04T11:33:03","date_gmt":"2023-11-04T10:33:03","guid":{"rendered":"https:\/\/www.naloub.fr\/?post_type=product&#038;p=3948"},"modified":"2024-06-05T19:45:10","modified_gmt":"2024-06-05T17:45:10","slug":"nlb-23-096","status":"publish","type":"product","link":"https:\/\/www.naloub.fr\/index.php\/produit\/nlb-23-096\/","title":{"rendered":"NLB-23-096"},"content":{"rendered":"<p>Boucle d\u2019oreilles en p\u00e2te polym\u00e8re artisanale r\u00e9alis\u00e9e en France.<br \/>\nCes produits \u00e9tant r\u00e9alis\u00e9s \u00e0 la main, m\u00eame si des mod\u00e8les se ressembles il existe des diff\u00e9rences de mati\u00e8res ou de formes. C\u2019est ce qui fait le charme de l\u2019artisanat!<\/p>\n","protected":false},"excerpt":{"rendered":"<p>Boucle d\u2019oreilles en p\u00e2te polym\u00e8re artisanale r\u00e9alis\u00e9e en France. Ces produits \u00e9tant r\u00e9alis\u00e9s \u00e0 la main, m\u00eame si des mod\u00e8les se ressembles il existe des diff\u00e9rences de mati\u00e8res [&hellip;]<\/p>\n","protected":false},"featured_media":3949,"template":"","meta":{"jetpack_publicize_message":"","jetpack_publicize_feature_enabled":true,"jetpack_social_post_already_shared":true,"jetpack_social_options":{"image_generator_settings":{"template":"highway","default_image_id":0,"font":"","enabled":false},"version":2}},"product_brand":[],"product_cat":[90,128,98],"product_tag":[],"class_list":{"0":"post-3948","1":"product","2":"type-product","3":"status-publish","4":"has-post-thumbnail","6":"product_cat-boucles-oreilles-puces","7":"product_cat-les-solos","8":"product_cat-news","10":"first","11":"instock","12":"taxable","13":"shipping-taxable","14":"purchasable","15":"product-type-simple"},"jetpack_publicize_connections":[],"jetpack_sharing_enabled":true,"_links":{"self":[{"href":"https:\/\/www.naloub.fr\/index.php\/wp-json\/wp\/v2\/product\/3948","targetHints":{"allow":["GET"]}}],"collection":[{"href":"https:\/\/www.naloub.fr\/index.php\/wp-json\/wp\/v2\/product"}],"about":[{"href":"https:\/\/www.naloub.fr\/index.php\/wp-json\/wp\/v2\/types\/product"}],"wp:featuredmedia":[{"embeddable":true,"href":"https:\/\/www.naloub.fr\/index.php\/wp-json\/wp\/v2\/media\/3949"}],"wp:attachment":[{"href":"https:\/\/www.naloub.fr\/index.php\/wp-json\/wp\/v2\/media?parent=3948"}],"wp:term":[{"taxonomy":"product_brand","embeddable":true,"href":"https:\/\/www.naloub.fr\/index.php\/wp-json\/wp\/v2\/product_brand?post=3948"},{"taxonomy":"product_cat","embeddable":true,"href":"https:\/\/www.naloub.fr\/index.php\/wp-json\/wp\/v2\/product_cat?post=3948"},{"taxonomy":"product_tag","embeddable":true,"href":"https:\/\/www.naloub.fr\/index.php\/wp-json\/wp\/v2\/product_tag?post=3948"}],"curies":[{"name":"wp","href":"https:\/\/api.w.org\/{rel}","templated":true}]}}