{"id":4346,"date":"2024-08-15T17:53:46","date_gmt":"2024-08-15T15:53:46","guid":{"rendered":"https:\/\/www.naloub.fr\/?post_type=product&#038;p=4346"},"modified":"2025-01-24T14:52:02","modified_gmt":"2025-01-24T13:52:02","slug":"nlb-24-153","status":"publish","type":"product","link":"https:\/\/www.naloub.fr\/index.php\/produit\/nlb-24-153\/","title":{"rendered":"NLB-24-153"},"content":{"rendered":"","protected":false},"excerpt":{"rendered":"<p>Boucle d\u2019oreilles en p\u00e2te polym\u00e8re artisanale r\u00e9alis\u00e9e en France.<br \/>\nCes produits \u00e9tant r\u00e9alis\u00e9s \u00e0 la main, m\u00eame si des mod\u00e8les se ressembles il existe des diff\u00e9rences de mati\u00e8res ou de formes. C\u2019est ce qui fait le charme de l\u2019artisanat!<\/p>\n","protected":false},"featured_media":4348,"template":"","meta":{"jetpack_publicize_message":"","jetpack_publicize_feature_enabled":true,"jetpack_social_post_already_shared":true,"jetpack_social_options":{"image_generator_settings":{"template":"highway","default_image_id":0,"font":"","enabled":false},"version":2}},"product_brand":[],"product_cat":[90,132],"product_tag":[],"class_list":{"0":"post-4346","1":"product","2":"type-product","3":"status-publish","4":"has-post-thumbnail","6":"product_cat-boucles-oreilles-puces","7":"product_cat-multi-feuilles","9":"first","10":"outofstock","11":"taxable","12":"shipping-taxable","13":"purchasable","14":"product-type-simple"},"jetpack_publicize_connections":[],"jetpack_sharing_enabled":true,"_links":{"self":[{"href":"https:\/\/www.naloub.fr\/index.php\/wp-json\/wp\/v2\/product\/4346","targetHints":{"allow":["GET"]}}],"collection":[{"href":"https:\/\/www.naloub.fr\/index.php\/wp-json\/wp\/v2\/product"}],"about":[{"href":"https:\/\/www.naloub.fr\/index.php\/wp-json\/wp\/v2\/types\/product"}],"wp:featuredmedia":[{"embeddable":true,"href":"https:\/\/www.naloub.fr\/index.php\/wp-json\/wp\/v2\/media\/4348"}],"wp:attachment":[{"href":"https:\/\/www.naloub.fr\/index.php\/wp-json\/wp\/v2\/media?parent=4346"}],"wp:term":[{"taxonomy":"product_brand","embeddable":true,"href":"https:\/\/www.naloub.fr\/index.php\/wp-json\/wp\/v2\/product_brand?post=4346"},{"taxonomy":"product_cat","embeddable":true,"href":"https:\/\/www.naloub.fr\/index.php\/wp-json\/wp\/v2\/product_cat?post=4346"},{"taxonomy":"product_tag","embeddable":true,"href":"https:\/\/www.naloub.fr\/index.php\/wp-json\/wp\/v2\/product_tag?post=4346"}],"curies":[{"name":"wp","href":"https:\/\/api.w.org\/{rel}","templated":true}]}}