{"id":4364,"date":"2024-08-15T18:08:11","date_gmt":"2024-08-15T16:08:11","guid":{"rendered":"https:\/\/www.naloub.fr\/?post_type=product&#038;p=4364"},"modified":"2024-10-14T11:48:59","modified_gmt":"2024-10-14T09:48:59","slug":"nlb-24-160","status":"publish","type":"product","link":"https:\/\/www.naloub.fr\/index.php\/produit\/nlb-24-160\/","title":{"rendered":"NLB-24-160"},"content":{"rendered":"","protected":false},"excerpt":{"rendered":"<p>Bague en p\u00e2te polym\u00e8re artisanale r\u00e9alis\u00e9e en France.<br \/>\nCes produits \u00e9tant r\u00e9alis\u00e9s \u00e0 la main, m\u00eame si des mod\u00e8les se ressembles il existe des diff\u00e9rences de mati\u00e8res ou de formes. C\u2019est ce qui fait le charme de l\u2019artisanat!<\/p>\n","protected":false},"featured_media":4366,"template":"","meta":{"jetpack_publicize_message":"","jetpack_publicize_feature_enabled":true,"jetpack_social_post_already_shared":true,"jetpack_social_options":{"image_generator_settings":{"template":"highway","default_image_id":0,"font":"","enabled":false},"version":2}},"product_brand":[],"product_cat":[97],"product_tag":[],"class_list":{"0":"post-4364","1":"product","2":"type-product","3":"status-publish","4":"has-post-thumbnail","6":"product_cat-bagues","8":"first","9":"outofstock","10":"taxable","11":"shipping-taxable","12":"purchasable","13":"product-type-simple"},"jetpack_publicize_connections":[],"jetpack_sharing_enabled":true,"_links":{"self":[{"href":"https:\/\/www.naloub.fr\/index.php\/wp-json\/wp\/v2\/product\/4364","targetHints":{"allow":["GET"]}}],"collection":[{"href":"https:\/\/www.naloub.fr\/index.php\/wp-json\/wp\/v2\/product"}],"about":[{"href":"https:\/\/www.naloub.fr\/index.php\/wp-json\/wp\/v2\/types\/product"}],"wp:featuredmedia":[{"embeddable":true,"href":"https:\/\/www.naloub.fr\/index.php\/wp-json\/wp\/v2\/media\/4366"}],"wp:attachment":[{"href":"https:\/\/www.naloub.fr\/index.php\/wp-json\/wp\/v2\/media?parent=4364"}],"wp:term":[{"taxonomy":"product_brand","embeddable":true,"href":"https:\/\/www.naloub.fr\/index.php\/wp-json\/wp\/v2\/product_brand?post=4364"},{"taxonomy":"product_cat","embeddable":true,"href":"https:\/\/www.naloub.fr\/index.php\/wp-json\/wp\/v2\/product_cat?post=4364"},{"taxonomy":"product_tag","embeddable":true,"href":"https:\/\/www.naloub.fr\/index.php\/wp-json\/wp\/v2\/product_tag?post=4364"}],"curies":[{"name":"wp","href":"https:\/\/api.w.org\/{rel}","templated":true}]}}